{"id":250,"date":"2019-06-10T09:54:41","date_gmt":"2019-06-10T07:54:41","guid":{"rendered":"https:\/\/www.321go.si\/rodbina-szapary\/"},"modified":"2025-05-28T16:56:00","modified_gmt":"2025-05-28T14:56:00","slug":"familie-szapary","status":"publish","type":"page","link":"https:\/\/www.321go.si\/de\/schloss-murska-sobota\/familie-szapary\/","title":{"rendered":"Familie Szap\u00e1ry"},"content":{"rendered":"<h1>Familie Szap\u00e1ry<\/h1>\n<h4>1687\u20131934<\/h4>\n<h6>Die Ungarische Adelsfamilie hatte das Schloss Murska Sobota fast 250 Jahre im Besitz. Seit dem Ende des 17. Jahrhunderts, als Peter Szap\u00e1ry die Stadt Murska Sobota samt 40 umliegenden Orten und dem Schloss kaufte, lebten hier seine Nachfolger, die den Adelstitel der Grafen von Murska Sobota, Sz\u00e1p\u00e1r und Sz\u00e9chisziget trugen.<\/h6>\n<p>Peter Szap\u00e1ry (1630\u20131699\/1703) gilt als der Gr\u00fcnder der Adelsfamilie. In der Schlacht bei Cs\u00e1kv\u00e1r wurde er von den Osmanen gefangen genommen und in die Gefangenschaft geschickt, wo er vier Jahre verblieb. Einigen Quellen zufolge war die Grundlage des Verm\u00f6gens das L\u00f6segeld, das f\u00fcr seine Abl\u00f6se gesammelt worden war, das jedoch f\u00fcr diesen Zweck schlie\u00dflich nicht ben\u00f6tigt wurde. Peter Szap\u00e1ry geh\u00f6rte laut den Quellen zu jenen, die in dieser f\u00fcr die Habsburger Dynastie schweren Zeit k\u00f6nigstreu blieben.Peter Szap\u00e1ry kaufte den Markt, das Schloss und die Herrschaft Olsnitz\/Murska Sobota, im Jahr 1690 dann auch den Markt und die Herrschaft Sz\u00e9csisziget. Durch die Gunst des K\u00f6nigs Leopold I. erwarb er 1690 auch den Titel eines Barons. Peter Szap\u00e1ry und seine Gattin Sofia (Zs\u00f3fia) Egresdy hatten 10 Kinder, unter ihnen auch Nikolaus (Mikl\u00f3s) Szap\u00e1ry (1680\u20131733) und Peter (P\u00e9ter) Szap\u00e1ry (1690\u2013 ca. 1753).<\/p>\n<p>\t\t\t\t#sc_gallery-4627 {<br \/>\n\t\t\t\t\tmargin: auto;<br \/>\n\t\t\t\t}<br \/>\n\t\t\t\t#sc_gallery-4627 .gallery-item {<br \/>\n\t\t\t\t\tfloat: left;<br \/>\n\t\t\t\t\ttext-align: center;<br \/>\n\t\t\t\t\twidth: 99.99%;<br \/>\n\t\t\t\t}<br \/>\n\t\t\t\t#sc_gallery-4627 img {<br \/>\n\t\t\t\t\tborder: 2px solid #cfcfcf;<br \/>\n\t\t\t\t}<br \/>\n\t\t\t\t\/* see sc_gallery() in functions\/theme-shortcodes.php *\/<\/p>\n<p>\t\t\t\t\t<a href='https:\/\/www.321go.si\/wp-content\/uploads\/2019\/07\/321go-rodbina-szapary-sablja-petra-szaparya.jpg'><img decoding=\"async\" src=\"https:\/\/www.321go.si\/wp-content\/uploads\/2019\/07\/321go-rodbina-szapary-sablja-petra-szaparya.jpg\" alt=\"\" title=\"\"><\/a><\/p>\n<p>\t\t\t\t\tS\u00e4bel von Peter Szap\u00e1ry \u2013 Foto: Tomislav Vre\u010di\u010d<\/p>\n<p>Nikolaus Szap\u00e1ry und Peter Szap\u00e1ry wurden 1722 von K\u00f6nig Karl III. (1711\u20131740) mit den erblichen Adelspr\u00e4dikaten von Murska Sobota und Sz\u00e9csisziget in den lebenslangen Grafenstand erhoben. Die Familienmitglieder besetzen hohe staatlichen, politischen und akademischen \u00c4mter. Sie waren Gouverneure von Fiume, Botschafter, Ungarischer Ministerpr\u00e4sident, Leiter der wissenschaftlichen Akademie, Kulturm\u00e4zene und Kunstsammler. <\/p>\n<p>\t\t\t\t#sc_gallery-5367 {<br \/>\n\t\t\t\t\tmargin: auto;<br \/>\n\t\t\t\t}<br \/>\n\t\t\t\t#sc_gallery-5367 .gallery-item {<br \/>\n\t\t\t\t\tfloat: left;<br \/>\n\t\t\t\t\ttext-align: center;<br \/>\n\t\t\t\t\twidth: 99.99%;<br \/>\n\t\t\t\t}<br \/>\n\t\t\t\t#sc_gallery-5367 img {<br \/>\n\t\t\t\t\tborder: 2px solid #cfcfcf;<br \/>\n\t\t\t\t}<br \/>\n\t\t\t\t\/* see sc_gallery() in functions\/theme-shortcodes.php *\/<\/p>\n<p>\t\t\t\t\t<a href='https:\/\/www.321go.si\/wp-content\/uploads\/2019\/07\/321go-rodbina-szapary-votivna-podoba.jpg'><img decoding=\"async\" src=\"https:\/\/www.321go.si\/wp-content\/uploads\/2019\/07\/321go-rodbina-szapary-votivna-podoba.jpg\" alt=\"\" title=\"\"><\/a><\/p>\n<p>\t\t\t\t\tVotivbild mit Peter Szap\u00e1ry, 2. H\u00e4lfte des 18. Jahrhunderts \u2013 Quelle: Franziskanerkloster der Heiligen Dreifaltigkeit in Slovenske gorice.<\/p>\n<p>Peter Szap\u00e1ry ehelichte um das Jahr 1710 Baronin Teresia Balassa. Aus der Ehe gingen sieben Kinder hervor. Das j\u00fcngste Kind Johann (J\u00e1nos) Szap\u00e1ry (1723\u20131796) bildete den j\u00fcngeren Zweig der Grafenfamilie Szap\u00e1ry in Murska Sobota. Er wurde in Wien geboren und war ein sehr gebildeter und weltoffener Mensch. Er besch\u00e4ftigte sich mit Literatur, mit der Wissenschaft und mit Glaubensfragen, mehrere seiner Werke wurden in deutscher und lateinischer Sprache gedruckt. Seine Bildung und Belesenheit wurde auch von K\u00f6nig Josef II. von Habsburg (1780\u20131790) sehr gesch\u00e4tzt, der ihn 1788 zum Gouverneur von Rijeka\/Fiume machte.<\/p>\n<p>\t\t\t\t#sc_gallery-1443 {<br \/>\n\t\t\t\t\tmargin: auto;<br \/>\n\t\t\t\t}<br \/>\n\t\t\t\t#sc_gallery-1443 .gallery-item {<br \/>\n\t\t\t\t\tfloat: left;<br \/>\n\t\t\t\t\ttext-align: center;<br \/>\n\t\t\t\t\twidth: 99.99%;<br \/>\n\t\t\t\t}<br \/>\n\t\t\t\t#sc_gallery-1443 img {<br \/>\n\t\t\t\t\tborder: 2px solid #cfcfcf;<br \/>\n\t\t\t\t}<br \/>\n\t\t\t\t\/* see sc_gallery() in functions\/theme-shortcodes.php *\/<\/p>\n<p>\t\t\t\t\t<a href='https:\/\/www.321go.si\/wp-content\/uploads\/2019\/07\/321go-rodbina-szapary-portret-janez-szapary.jpg'><img decoding=\"async\" src=\"https:\/\/www.321go.si\/wp-content\/uploads\/2019\/07\/321go-rodbina-szapary-portret-janez-szapary.jpg\" alt=\"\" title=\"\"><\/a><\/p>\n<p>\t\t\t\t\tPortr\u00e4t von Johann Szap\u00e1ry, 1772 \u2013 Foto: Tomislav Vre\u010di\u010d, PMMS.<\/p>\n<p>Johann Szap\u00e1ry ehelichte Gr\u00e4fin Anna Maria von Erd\u0151dy. Aus der Ehe gingen zwei S\u00f6hne, n\u00e4mlich Paulus (P\u00e1l) Szap\u00e1ry (1753\u20131825), der unverheiratet blieb, und Josef (J\u00f3zsef) Szap\u00e1ry (1754\u20131822) hervor.<\/p>\n<p>\t\t\t\t#sc_gallery-9640 {<br \/>\n\t\t\t\t\tmargin: auto;<br \/>\n\t\t\t\t}<br \/>\n\t\t\t\t#sc_gallery-9640 .gallery-item {<br \/>\n\t\t\t\t\tfloat: left;<br \/>\n\t\t\t\t\ttext-align: center;<br \/>\n\t\t\t\t\twidth: 99.99%;<br \/>\n\t\t\t\t}<br \/>\n\t\t\t\t#sc_gallery-9640 img {<br \/>\n\t\t\t\t\tborder: 2px solid #cfcfcf;<br \/>\n\t\t\t\t}<br \/>\n\t\t\t\t\/* see sc_gallery() in functions\/theme-shortcodes.php *\/<\/p>\n<p>\t\t\t\t\t<a href='https:\/\/www.321go.si\/wp-content\/uploads\/2019\/07\/321go-rodbina-szapary-portret-pavel-szapary.jpg'><img decoding=\"async\" src=\"https:\/\/www.321go.si\/wp-content\/uploads\/2019\/07\/321go-rodbina-szapary-portret-pavel-szapary.jpg\" alt=\"\" title=\"\"><\/a><\/p>\n<p>\t\t\t\t\tPortr\u00e4t von Paulus Szap\u00e1ry, 1772 \u2013 Foto: Tomislav Vre\u010di\u010d, PMMS.<\/p>\n<p>Josef Szap\u00e1ry heiratete zwei Mal. Mit seiner ersten Gattin hatte er vier Kinder. Nach dem Tod seiner ersten Frau ehelichte Josef Szap\u00e1ry die Gr\u00e4fin Maria von Gattenburg. Aus dieser Ehe gingen acht Kinder hervor. Das dritte Kind war Anton (Antal) Szap\u00e1ry (1802\u20131883), der Begr\u00fcndet des heute noch prosperierenden Zweiges der Familie Szap\u00e1ry in Murska Sobota. In den Revolutionsjahren 1848\/1849 k\u00e4mpfte er an der Seite der ungarischen Revolution\u00e4re. Nach dem \u00f6sterreichisch-ungarischen Ausgleich 1867 war er unter den Organisatoren der Kr\u00f6nung Franz Josefs zum ungarischen K\u00f6nig. Aus der Ehe von Anton Szap\u00e1ry und Auguszta Keglevich gingen drei Kinder hervor.Sein Sohn G\u00e9za Szap\u00e1ry (1828\u20131898) ehelichte 1861 Gr\u00e4fin Maria Jusztina Gy\u0151ry (1840\u20131908). Aus dieser Ehe gingen vier Kinder hervor.<\/p>\n<p>\t\t\t\t#sc_gallery-8370 {<br \/>\n\t\t\t\t\tmargin: auto;<br \/>\n\t\t\t\t}<br \/>\n\t\t\t\t#sc_gallery-8370 .gallery-item {<br \/>\n\t\t\t\t\tfloat: left;<br \/>\n\t\t\t\t\ttext-align: center;<br \/>\n\t\t\t\t\twidth: 99.99%;<br \/>\n\t\t\t\t}<br \/>\n\t\t\t\t#sc_gallery-8370 img {<br \/>\n\t\t\t\t\tborder: 2px solid #cfcfcf;<br \/>\n\t\t\t\t}<br \/>\n\t\t\t\t\/* see sc_gallery() in functions\/theme-shortcodes.php *\/<\/p>\n<p>\t\t\t\t\t<a href='https:\/\/www.321go.si\/wp-content\/uploads\/2019\/07\/321go-rodbina-szapary-portret-geza-szapary.jpg'><img decoding=\"async\" src=\"https:\/\/www.321go.si\/wp-content\/uploads\/2019\/07\/321go-rodbina-szapary-portret-geza-szapary.jpg\" alt=\"\" title=\"\"><\/a><\/p>\n<p>\t\t\t\t\tG\u00e9za Szap\u00e1ry, Reproduktion des Mikl\u00f3s Barab\u00e1s Portr\u00e4ts von 1867 \u2013 Quelle: PMMS.<\/p>\n<p>Der Zweitgeborene Ladislaus (L\u00e1szl\u00f3) Szap\u00e1ry (1864\u20131939) war der letzte Besitzer des Schlosses Murska Soobta in der Familie Szap\u00e1ry. Ladislaus Szap\u00e1ry, Doktor der Rechte, wurde nach seinem Studium zum Attach\u00e9 in London ernannt. 1896 ernannte ihn Kaiser Franz Josef zum Gouverneur von Rijeka. Dieses Amt hatte er bis zum 23. November 1903 inne, als er wegen seiner Beteiligung an einem Korruptionsskandal zur\u00fccktreten musste. In den Jahren 1922 bis 1924 war er Botschafter von Ungarn in London. Ladislaus Szap\u00e1ry war seit 1910 mit Gr\u00e4fin Irene Ungnad von Weissenwolf verheiratet, sie hatten aber keine Nachkommen. Er starb 1939 in Wien.<\/p>\n<p>\t\t\t\t#sc_gallery-1865 {<br \/>\n\t\t\t\t\tmargin: auto;<br \/>\n\t\t\t\t}<br \/>\n\t\t\t\t#sc_gallery-1865 .gallery-item {<br \/>\n\t\t\t\t\tfloat: left;<br \/>\n\t\t\t\t\ttext-align: center;<br \/>\n\t\t\t\t\twidth: 99.99%;<br \/>\n\t\t\t\t}<br \/>\n\t\t\t\t#sc_gallery-1865 img {<br \/>\n\t\t\t\t\tborder: 2px solid #cfcfcf;<br \/>\n\t\t\t\t}<br \/>\n\t\t\t\t\/* see sc_gallery() in functions\/theme-shortcodes.php *\/<\/p>\n<p>\t\t\t\t\t<a href='https:\/\/www.321go.si\/wp-content\/uploads\/2019\/07\/321go-rodbina-szapary-portret-ladislav-szapary.jpg'><img decoding=\"async\" src=\"https:\/\/www.321go.si\/wp-content\/uploads\/2019\/07\/321go-rodbina-szapary-portret-ladislav-szapary.jpg\" alt=\"\" title=\"\"><\/a><\/p>\n<p>\t\t\t\t\tPortr\u00e4t von Ladislaus Szap\u00e1ry, 1898 \u2013 Quelle: Wikipedia.<\/p>\n<p>Paul (P\u00e1l) Szap\u00e1ry (1873\u20131917) trat in die Fu\u00dfstapfen seines Bruders Ladislaus als Gouverneur von Rijeka in den Jahren 1905\u20131906. 1898 ehelichte er Gr\u00e4fin Maria Ludovica Stanislava Przezdzdiecka. Aus der Ehe gingen drei Kinder hervor.<\/p>\n<p>\t\t\t\t#sc_gallery-5586 {<br \/>\n\t\t\t\t\tmargin: auto;<br \/>\n\t\t\t\t}<br \/>\n\t\t\t\t#sc_gallery-5586 .gallery-item {<br \/>\n\t\t\t\t\tfloat: left;<br \/>\n\t\t\t\t\ttext-align: center;<br \/>\n\t\t\t\t\twidth: 99.99%;<br \/>\n\t\t\t\t}<br \/>\n\t\t\t\t#sc_gallery-5586 img {<br \/>\n\t\t\t\t\tborder: 2px solid #cfcfcf;<br \/>\n\t\t\t\t}<br \/>\n\t\t\t\t\/* see sc_gallery() in functions\/theme-shortcodes.php *\/<\/p>\n<p>\t\t\t\t\t<a href='https:\/\/www.321go.si\/wp-content\/uploads\/2019\/07\/321go-rodbina-szapary-portret-pavel-szapary-soproga-marija-ludovik-strelisky.jpg'><img decoding=\"async\" src=\"https:\/\/www.321go.si\/wp-content\/uploads\/2019\/07\/321go-rodbina-szapary-portret-pavel-szapary-soproga-marija-ludovik-strelisky.jpg\" alt=\"\" title=\"\"><\/a><\/p>\n<p>\t\t\t\t\tPortr\u00e4t von Paul Szap\u00e1ry mit Gemahlin Maria Ludovica, Strelisky, 1898 \u2013 Quelle: PMMS<\/p>\n","protected":false},"excerpt":{"rendered":"<p>Das Schloss Murska Sobota war bis 1930 Eigentum der Familie Szap\u00e1ry. Danach wurde auf einer gro\u00dfen Versteigerung die Schloss-Ausstattung verkauft.<\/p>\n","protected":false},"author":4,"featured_media":251,"parent":258,"menu_order":0,"comment_status":"closed","ping_status":"closed","template":"","meta":{"footnotes":""},"class_list":["post-250","page","type-page","status-publish","has-post-thumbnail","hentry"],"_links":{"self":[{"href":"https:\/\/www.321go.si\/de\/wp-json\/wp\/v2\/pages\/250","targetHints":{"allow":["GET"]}}],"collection":[{"href":"https:\/\/www.321go.si\/de\/wp-json\/wp\/v2\/pages"}],"about":[{"href":"https:\/\/www.321go.si\/de\/wp-json\/wp\/v2\/types\/page"}],"author":[{"embeddable":true,"href":"https:\/\/www.321go.si\/de\/wp-json\/wp\/v2\/users\/4"}],"replies":[{"embeddable":true,"href":"https:\/\/www.321go.si\/de\/wp-json\/wp\/v2\/comments?post=250"}],"version-history":[{"count":4,"href":"https:\/\/www.321go.si\/de\/wp-json\/wp\/v2\/pages\/250\/revisions"}],"predecessor-version":[{"id":744,"href":"https:\/\/www.321go.si\/de\/wp-json\/wp\/v2\/pages\/250\/revisions\/744"}],"up":[{"embeddable":true,"href":"https:\/\/www.321go.si\/de\/wp-json\/wp\/v2\/pages\/258"}],"wp:featuredmedia":[{"embeddable":true,"href":"https:\/\/www.321go.si\/de\/wp-json\/wp\/v2\/media\/251"}],"wp:attachment":[{"href":"https:\/\/www.321go.si\/de\/wp-json\/wp\/v2\/media?parent=250"}],"curies":[{"name":"wp","href":"https:\/\/api.w.org\/{rel}","templated":true}]}}