{"id":238,"date":"2015-03-31T09:11:17","date_gmt":"2015-03-31T09:11:17","guid":{"rendered":"https:\/\/www.321go.si\/home\/"},"modified":"2025-05-28T17:07:00","modified_gmt":"2025-05-28T15:07:00","slug":"home","status":"publish","type":"page","link":"https:\/\/www.321go.si\/de\/","title":{"rendered":"Startseite"},"content":{"rendered":"<p><img decoding=\"async\" src=\"https:\/\/www.321go.si\/wp-content\/uploads\/2019\/06\/321go-tabula-hungariae-2.jpg\" alt=\"parallax background\" title=\"\"><\/p>\n<h1>Drei Schl\u00f6sser,zwei L\u00e4nder,eine Geschichte<\/h1>\n<p>Bis zum 12. Jahrhundert bildete sich hier eine ethnische Grenze zwischen Siedlern slawischen, germanischen und ungarischen Ursprungs heraus, die sich bis heute erhalten hat. Westlich dieser Linie verlief die Grenze zwischen dem ungarischen K\u00f6nigreich, in dessen Eisenburger Komitat das Gebiet der drei Schl\u00f6sser eingebunden war und dem Heiligen r\u00f6mischen Reich, zu dem auch das Herzogtum Steiermark geh\u00f6rte. Trotz der Vereinigung unter einer Kaiserkrone im 16. Jahrhundert blieb es bis zu den Friedensvertr\u00e4gen nach dem Ersten Weltkrieg so, welche die Grenzen der neuen Staaten festlegten: \u00d6sterreich, Ungarn und das K\u00f6nigreich der Serben, Kroaten und Slowenen. Die Schl\u00f6sser Murska Sobota und Grad befinden sich heute in Slowenien, das Schloss Tabor, das eng an die Geschichte des nahegelegenen Schlosses Neuhaus\/Dobra gebunden ist, liegt in \u00d6sterreich.Die gemeinsame Geschichte der drei Schl\u00f6sser beginnt in der Zeit, als alle ein Teil des gemeinsamen Staates und ein Eigentum gemeinsamer Adelsfamilien waren. Am Anfang des 14. Jahrhunderts geh\u00f6rten zwei Grundst\u00fccke der Familie Amad\u00e9 Gutkeled, Belmura (Murska Sobota) und Lyndua (Oberlimbach\/grad), die damals zwei Drittel des heutigen Prekmurje umfangen. Im Jahr 1365 kamen sie in den Besitz der Familie Sz\u00e9chy, die 1387 auch das Grundst\u00fcck Neuhaus erworben hat \u2013 damals ein umfangreiches Gebiet des heutigen S\u00fcdburgenlandes, westlichen Raabgebietes und nordwestlichen Teils von Gori\u010dko.<\/p>\n<p>#sc_gallery-4815 {<br \/>\nmargin: auto;<br \/>\n}<br \/>\n#sc_gallery-4815 .gallery-item {<br \/>\nfloat: left;<br \/>\ntext-align: center;<br \/>\nwidth: 99.99%;<br \/>\n}<br \/>\n#sc_gallery-4815 img {<br \/>\nborder: 2px solid #cfcfcf;<br \/>\n}<br \/>\n\/* see sc_gallery() in functions\/theme-shortcodes.php *\/<\/p>\n<p><a href=\"https:\/\/www.321go.si\/wp-content\/uploads\/2020\/01\/321go-sklepnik-z-grbom-rodbine-szechy.jpg\"><img decoding=\"async\" src=\"https:\/\/www.321go.si\/wp-content\/uploads\/2020\/01\/321go-sklepnik-z-grbom-rodbine-szechy.jpg\" alt=\"\" title=\"\"><\/a><\/p>\n<p>Schlussstein mit dem Wappen der Familie Sz\u00e9chy in der Pfarrkirche Mari\u00e4 Himmelfahrt in der N\u00e4he des Schlosses, 14. Jahrhundert \u2013 Foto: Tomislav Vre\u010di\u010d, PMMS.<\/p>\n<p>Im Jahr 1607 sind durch die Hochzeit zwischen Erbin Eva Popel \u2013 Lobkowicz und Franz II. aus der Familie Batthy\u00e1ny, die letzteren die Eigent\u00fcmer der Grundst\u00fccksteile geworden. Die Grundst\u00fccksteile verkleinerten sich sp\u00e4ter durch Heirat und Verkauf noch weiter.<\/p>\n<p>Ein Teil des Grundst\u00fcckes Murska Sobota mit dem Schloss hat im Jahr 1687 die Familie Szap\u00e1ry gekauft.<\/p>\n<p>#sc_gallery-8665 {<br \/>\nmargin: auto;<br \/>\n}<br \/>\n#sc_gallery-8665 .gallery-item {<br \/>\nfloat: left;<br \/>\ntext-align: center;<br \/>\nwidth: 99.99%;<br \/>\n}<br \/>\n#sc_gallery-8665 img {<br \/>\nborder: 2px solid #cfcfcf;<br \/>\n}<br \/>\n\/* see sc_gallery() in functions\/theme-shortcodes.php *\/<\/p>\n<p><a href=\"https:\/\/www.321go.si\/wp-content\/uploads\/2020\/01\/321go-grb-rodbine-szapary-1722.jpg\"><img decoding=\"async\" src=\"https:\/\/www.321go.si\/wp-content\/uploads\/2020\/01\/321go-grb-rodbine-szapary-1722.jpg\" alt=\"\" title=\"\"><\/a><\/p>\n<p>Das Wappen der Familie Szap\u00e1ry, 1722 \u2013 Vir: Nadopatija Pannonhalma.<\/p>\n<p>Die drei Schl\u00f6sser sind als Verteidigungsanlagen oder als Sitze der Feudalfamilien gebaut worden, als permanente oder vor\u00fcbergehende Wohnanlagen ihrer Feudaleigent\u00fcmer. Die Geschichten aller drei reichen bis ins Mittelalter, obwohl man heute nur auf Schloss Grad jene Bausubstanzen finden kann.<img decoding=\"async\" src=\"https:\/\/www.321go.si\/wp-content\/uploads\/2019\/06\/321go-grad-murska-sobota.jpg\" alt=\"parallax background\" title=\"\">Schloss Murska Sobota<\/p>\n<h2><a href=\"https:\/\/www.321go.si\/de\/schloss-murska-sobota\/\">Renaissance Schloss mit Barockelementen<\/a><\/h2>\n<p>Das Schloss Murska Sobota war bis 1930 Eigentum der Familie Szap\u00e1ry. Danach wurde auf einer gro\u00dfen Versteigerung die Schloss-Ausstattung verkauft. Das Schlossgeb\u00e4ude, mit dem umfangreichen englischen Park, erwarb die Gemeinde Murska Sobota, in deren Eigentum es sich noch heute befindet. Schloss Murska Sobota ist ein Renaissanceschloss aus dem 16. Jahrhundert, das von mehreren Hektaren des sch\u00f6nen Schlossparks umgeben ist. So wie der Park geh\u00f6ren die sch\u00f6nsten Teile des Schlosses, n\u00e4mlich die Hofarkaden, das Nordportal, das Hauptportal mit den Atlanten, der im Geist des Illusionismus bemalte Salon und die Kapelle in die Zeit des Barock im 18. Jahrhundert. Das Schloss wird vom Pomurje Museum Murska Sobota verwaltet.<\/p>\n<p><a href=\"https:\/\/www.321go.si\/de\/schloss-murska-sobota\/\">Mehr Dar\u00fcber <\/a><img decoding=\"async\" src=\"https:\/\/www.321go.si\/wp-content\/uploads\/2019\/06\/321go-grad-grad-2.jpg\" alt=\"parallax background\" title=\"\">Schloss Grad<\/p>\n<h2><a href=\"https:\/\/www.321go.si\/de\/schloss-grad\/\">Das gr\u00f6\u00dfte Barockschloss Sloweniens<\/a><\/h2>\n<p>Es ist das \u00e4lteste und gr\u00f6\u00dfte der drei Schl\u00f6sser und dar\u00fcber hinaus das gr\u00f6\u00dfte Schloss Sloweniens. Heute zeigt sich das Schloss mit einem Teil des erhaltenen Schlossparks, mit seinem f\u00fcnfeckigen Grundriss, der Kapelle und mehreren Stockwerken an Arkadeng\u00e4ngen im Innenhof, als Ergebnis vieler Umbauten vom 16. bis zum 19. Jahrhundert. Nach mehreren Eigent\u00fcmerwechseln im 18. und 19. Jahrhundert befand sich Schloss Oberlimbach\/Gornja Lendava einige Zeit im Eigentum eines Mitglieds der Familie Batthy\u00e1ny, der es 1929 an den Unternehmer Geza Hartner verkaufte. Nach dem Zweiten Weltkrieg wurde das Schloss verstaatlicht und erhielt mit dem Ort seinen neuen Namen Grad. Heute befindet es sich im Eigentum der Republik Slowenien und wird vom Naturpark Gori\u010dko verwaltet.<\/p>\n<p><a href=\"https:\/\/www.321go.si\/de\/schloss-grad\/\">Mehr Dar\u00fcber<\/a><img decoding=\"async\" src=\"https:\/\/www.321go.si\/wp-content\/uploads\/2019\/06\/321go-grad-tabor.jpg\" alt=\"parallax background\" title=\"\">Schloss Tabor<\/p>\n<h2><a href=\"https:\/\/www.321go.si\/de\/schloss-tabor\/\">Ein Schloss mit Tradition &amp; Moderne<\/a><\/h2>\n<p>Die Batthy\u00e1nys lie\u00dfen das alte Schloss Neuhaus\/Dobra verfallen und verwendeten gelegentlich das nahegelegene Schloss Tabor, bis sie es 1992 verkauften. Sein barockes Erscheinungsbild erhielt das, auch Tabor Schl\u00f6sschen genannte Anwesen im 17. Jahrhundert. Das zweigeschossige Geb\u00e4ude weist einen hakenf\u00f6rmigen Grundriss auf. In den letzten beiden Jahrzehnten befand es sich im Eigentum von \u00f6ffentlichen Einrichtungen und ab dem Jahr 2017 im Eigentum der EFIS-Stiftung. Im Schloss finden diverse Kulturveranstaltungen statt, die unter dem Namen JOPERA firmieren.<\/p>\n<p><a href=\"https:\/\/www.321go.si\/de\/schloss-tabor\/\">Mehr Dar\u00fcber<\/a><img decoding=\"async\" src=\"https:\/\/www.321go.si\/wp-content\/uploads\/2019\/07\/321go-project-desc-bg.png\" alt=\"parallax background\" title=\"\"><img decoding=\"async\" src=\"https:\/\/www.321go.si\/wp-content\/uploads\/2019\/07\/321go-logotipi.jpg\" alt=\"\" title=\"\"><br \/>\nDas Projekt 321 go wird im Rahmen des Kooperationsprogramms Interreg V-A Slowenien-\u00d6sterreich von der Europ\u00e4ischen Union aus dem Europ\u00e4ischen Fonds f\u00fcr Regionale Entwicklung kofinanziert.<\/p>\n","protected":false},"excerpt":{"rendered":"<p>Drei Schl\u00f6sser &#8211; Schloss Murska Sobota und Schloss Grad befinden sich heute in Slowenien, das Schloss Tabor, das eng an die Geschichte des nahegelegenen Schlosses Neuhaus\/Dobra gebunden ist, liegt in \u00d6sterreich.<\/p>\n","protected":false},"author":4,"featured_media":358,"parent":0,"menu_order":0,"comment_status":"closed","ping_status":"closed","template":"","meta":{"footnotes":""},"class_list":["post-238","page","type-page","status-publish","has-post-thumbnail","hentry"],"_links":{"self":[{"href":"https:\/\/www.321go.si\/de\/wp-json\/wp\/v2\/pages\/238","targetHints":{"allow":["GET"]}}],"collection":[{"href":"https:\/\/www.321go.si\/de\/wp-json\/wp\/v2\/pages"}],"about":[{"href":"https:\/\/www.321go.si\/de\/wp-json\/wp\/v2\/types\/page"}],"author":[{"embeddable":true,"href":"https:\/\/www.321go.si\/de\/wp-json\/wp\/v2\/users\/4"}],"replies":[{"embeddable":true,"href":"https:\/\/www.321go.si\/de\/wp-json\/wp\/v2\/comments?post=238"}],"version-history":[{"count":8,"href":"https:\/\/www.321go.si\/de\/wp-json\/wp\/v2\/pages\/238\/revisions"}],"predecessor-version":[{"id":752,"href":"https:\/\/www.321go.si\/de\/wp-json\/wp\/v2\/pages\/238\/revisions\/752"}],"wp:featuredmedia":[{"embeddable":true,"href":"https:\/\/www.321go.si\/de\/wp-json\/wp\/v2\/media\/358"}],"wp:attachment":[{"href":"https:\/\/www.321go.si\/de\/wp-json\/wp\/v2\/media?parent=238"}],"curies":[{"name":"wp","href":"https:\/\/api.w.org\/{rel}","templated":true}]}}